{"id":34,"date":"2016-04-29T17:18:10","date_gmt":"2016-04-29T15:18:10","guid":{"rendered":"http:\/\/www.gianfranco-marchioni.it\/?page_id=34"},"modified":"2021-03-16T13:07:48","modified_gmt":"2021-03-16T12:07:48","slug":"link","status":"publish","type":"page","link":"https:\/\/www.gianfranco-marchioni.it\/index.php\/link\/","title":{"rendered":"Link"},"content":{"rendered":"\n<p>I migliori strumenti per proteggere e mantenere efficiente il tuo computer.<\/p>\n\n\n\n<!--more-->\n\n\n\n<div style=\"height:80px\" aria-hidden=\"true\" class=\"wp-block-spacer\"><\/div>\n\n\n\n<h2 class=\"has-text-align-center\"><a href=\"https:\/\/www.eset.com\/it\/privati\/antivirus\/\" target=\"_blank\" rel=\"noreferrer noopener\"><a rel=\"noreferrer noopener\" href=\"https:\/\/www.eset.it\/\" target=\"_blank\">ESET Italia &#8211; NOD32<\/a><\/a><\/h2>\n\n\n\n<div class=\"is-layout-flex wp-container-3 wp-block-columns\">\n<div class=\"is-layout-flow wp-block-column\" style=\"flex-basis:50%\">\n<div class=\"wp-block-image\"><figure class=\"alignright\"><img decoding=\"async\" loading=\"lazy\" width=\"300\" height=\"225\" src=\"https:\/\/www.gianfranco-marchioni.it\/wp-content\/uploads\/2016\/04\/eset-300x225.jpg\" alt=\"eset\" class=\"wp-image-16\" srcset=\"https:\/\/www.gianfranco-marchioni.it\/wp-content\/uploads\/2016\/04\/eset-300x225.jpg 300w, https:\/\/www.gianfranco-marchioni.it\/wp-content\/uploads\/2016\/04\/eset-768x576.jpg 768w, https:\/\/www.gianfranco-marchioni.it\/wp-content\/uploads\/2016\/04\/eset-150x113.jpg 150w, https:\/\/www.gianfranco-marchioni.it\/wp-content\/uploads\/2016\/04\/eset.jpg 800w\" sizes=\"(max-width: 300px) 100vw, 300px\" \/><\/figure><\/div>\n<\/div>\n\n\n\n<div class=\"is-layout-flow wp-block-column\" style=\"flex-basis:50%\">\n<p><\/p>\n\n\n\n<blockquote class=\"wp-block-quote\"><p>&#8220;L&#8217;ultima generazione di ESET NOD32 Antivirus vanta la tecnologia pi\u00f9 veloce ed efficace realizzata per proteggere il sistema da virus e spyware senza rallentare il computer mentre \u00e8 impegnato nel lavoro o in attivit\u00e0 di gioco.&#8221;<\/p><\/blockquote>\n<\/div>\n<\/div>\n\n\n\n<hr class=\"wp-block-separator\"\/>\n\n\n\n<div style=\"height:80px\" aria-hidden=\"true\" class=\"wp-block-spacer\"><\/div>\n\n\n\n<h2 class=\"has-text-align-center\"><a rel=\"noreferrer noopener\" href=\"http:\/\/www.condusiv.com\/products\/diskeeper\/\" target=\"_blank\">Diskeeper di Condusiv<\/a><\/h2>\n\n\n\n<div class=\"is-layout-flex wp-container-6 wp-block-columns\">\n<div class=\"is-layout-flow wp-block-column\" style=\"flex-basis:50%\">\n<div class=\"wp-block-image\"><figure class=\"aligncenter\"><img decoding=\"async\" loading=\"lazy\" width=\"120\" height=\"93\" src=\"https:\/\/www.gianfranco-marchioni.it\/wp-content\/uploads\/2016\/04\/Icon-Diskeeper-Product.png\" alt=\"Icon-Diskeeper-Product\" class=\"wp-image-17\"\/><\/figure><\/div>\n\n\n\n<div class=\"wp-block-image\"><figure class=\"alignright size-large\"><img decoding=\"async\" loading=\"lazy\" width=\"174\" height=\"30\" src=\"https:\/\/www.gianfranco-marchioni.it\/wp-content\/uploads\/2016\/04\/Diskeeper-logo.gif\" alt=\"\" class=\"wp-image-18\"\/><\/figure><\/div>\n<\/div>\n\n\n\n<div class=\"is-layout-flow wp-block-column\" style=\"flex-basis:50%\">\n<blockquote class=\"wp-block-quote\"><p>&#8220;Diskeeper\u00ae 15 di Condusiv previene il peggioramento&nbsp;delle prestazioni e della memoria di Windows, &nbsp;prevenendo la frammentazione di Windows in tempo reale, prima che i file sono scritti in uno stato di prestazioni penalizzato.&#8221;<\/p><\/blockquote>\n<\/div>\n<\/div>\n\n\n\n<hr class=\"wp-block-separator\"\/>\n\n\n\n<div style=\"height:80px\" aria-hidden=\"true\" class=\"wp-block-spacer\"><\/div>\n\n\n\n<h2 class=\"has-text-align-center\"><a href=\"https:\/\/www.symantec.com\/it\/it\/security_response\/\" target=\"_blank\" rel=\"noreferrer noopener\">Symantec Security Response<\/a><\/h2>\n\n\n\n<div class=\"is-layout-flex wp-container-9 wp-block-columns\">\n<div class=\"is-layout-flow wp-block-column\" style=\"flex-basis:50%\">\n<div class=\"wp-block-image\"><figure class=\"alignright\"><a href=\"https:\/\/www.symantec.com\/it\/it\/security_response\/\" target=\"_blank\" rel=\"noopener\"><img decoding=\"async\" loading=\"lazy\" width=\"300\" height=\"100\" src=\"https:\/\/www.gianfranco-marchioni.it\/wp-content\/uploads\/2016\/04\/symantec-300x100.jpg\" alt=\"symantec\" class=\"wp-image-19\" srcset=\"https:\/\/www.gianfranco-marchioni.it\/wp-content\/uploads\/2016\/04\/symantec-300x100.jpg 300w, https:\/\/www.gianfranco-marchioni.it\/wp-content\/uploads\/2016\/04\/symantec-150x50.jpg 150w, https:\/\/www.gianfranco-marchioni.it\/wp-content\/uploads\/2016\/04\/symantec.jpg 425w\" sizes=\"(max-width: 300px) 100vw, 300px\" \/><\/a><\/figure><\/div>\n<\/div>\n\n\n\n<div class=\"is-layout-flow wp-block-column\" style=\"flex-basis:50%\">\n<blockquote class=\"wp-block-quote\"><p>&#8220;I nostri centri di ricerca sulla sicurezza in tutto il mondo forniscono un livello esclusivo di analisi e protezione dalle minacce IT che comprendono malware, rischi per la sicurezza, vulnerabilit\u00e0 e spam.&#8221;<\/p><\/blockquote>\n<\/div>\n<\/div>\n\n\n\n<div style=\"height:80px\" aria-hidden=\"true\" class=\"wp-block-spacer\"><\/div>\n","protected":false},"excerpt":{"rendered":"<p>I migliori strumenti per proteggere e mantenere efficiente il tuo computer.<\/p>\n<p> <a class=\"continue-reading-link\" href=\"https:\/\/www.gianfranco-marchioni.it\/index.php\/link\/\"><span>continua<\/span><i class=\"crycon-right-dir\"><\/i><\/a> <\/p>\n","protected":false},"author":1,"featured_media":0,"parent":0,"menu_order":0,"comment_status":"closed","ping_status":"closed","template":"","meta":[],"_links":{"self":[{"href":"https:\/\/www.gianfranco-marchioni.it\/index.php\/wp-json\/wp\/v2\/pages\/34"}],"collection":[{"href":"https:\/\/www.gianfranco-marchioni.it\/index.php\/wp-json\/wp\/v2\/pages"}],"about":[{"href":"https:\/\/www.gianfranco-marchioni.it\/index.php\/wp-json\/wp\/v2\/types\/page"}],"author":[{"embeddable":true,"href":"https:\/\/www.gianfranco-marchioni.it\/index.php\/wp-json\/wp\/v2\/users\/1"}],"replies":[{"embeddable":true,"href":"https:\/\/www.gianfranco-marchioni.it\/index.php\/wp-json\/wp\/v2\/comments?post=34"}],"version-history":[{"count":9,"href":"https:\/\/www.gianfranco-marchioni.it\/index.php\/wp-json\/wp\/v2\/pages\/34\/revisions"}],"predecessor-version":[{"id":142,"href":"https:\/\/www.gianfranco-marchioni.it\/index.php\/wp-json\/wp\/v2\/pages\/34\/revisions\/142"}],"wp:attachment":[{"href":"https:\/\/www.gianfranco-marchioni.it\/index.php\/wp-json\/wp\/v2\/media?parent=34"}],"curies":[{"name":"wp","href":"https:\/\/api.w.org\/{rel}","templated":true}]}}